{"id":8724,"date":"2024-04-19T07:04:57","date_gmt":"2024-04-19T05:04:57","guid":{"rendered":"https:\/\/ekotaxitatry.digitaldreamers.sk\/contact\/"},"modified":"2025-11-24T15:57:47","modified_gmt":"2025-11-24T14:57:47","slug":"contact","status":"publish","type":"page","link":"https:\/\/ekotaxitatry.digitaldreamers.sk\/en\/contact\/","title":{"rendered":"Contact"},"content":{"rendered":"\t\t<div data-elementor-type=\"wp-page\" data-elementor-id=\"8724\" class=\"elementor elementor-8724 elementor-220\">\n\t\t\t\t <div class=\"elementor-element elementor-element-36e5347 e-flex e-con-boxed e-con e-parent\" data-id=\"36e5347\" data-element_type=\"container\">\n\t\t\t\t\t<div class=\"e-con-inner\">\n\t\t<div class=\"elementor-element elementor-element-faccf8e e-con-full e-flex e-con e-child\" data-id=\"faccf8e\" data-element_type=\"container\">\n\t\t\t\t<div class=\"elementor-element elementor-element-ec977e9 elementor-widget elementor-widget-luxride-title-v1\" data-id=\"ec977e9\" data-element_type=\"widget\" data-widget_type=\"luxride-title-v1.default\">\n\t\t\t\t<div class=\"elementor-widget-container\">\n\t\t\t\t\t \r\n<div class=\"title_all_box style_one dark_color\">\r\n                <h2 class=\"font-44 mb_15\">Contact us<\/h2>\r\n        <\/div>\r\n\t\t\t\t<\/div>\n\t\t\t\t<\/div>\n\t\t<div class=\"elementor-element elementor-element-2b9e411 e-con-full e-flex e-con e-child\" data-id=\"2b9e411\" data-element_type=\"container\">\n\t\t\t\t<div class=\"elementor-element elementor-element-3d01f72 elementor-widget__width-initial elementor-widget elementor-widget-luxride-contact-box-widget-v1\" data-id=\"3d01f72\" data-element_type=\"widget\" data-widget_type=\"luxride-contact-box-widget-v1.default\">\n\t\t\t\t<div class=\"elementor-widget-container\">\n\t\t\t\t\t        <div class=\"contact-box-widget\"> \n                  \n                <div class=\"icon_boxs mb_30\">    \n                    <svg aria-hidden=\"false\" class=\"e-font-icon-svg e-fas-mountain\" viewBox=\"0 0 640 512\" xmlns=\"http:\/\/www.w3.org\/2000\/svg\"><path d=\"M634.92 462.7l-288-448C341.03 5.54 330.89 0 320 0s-21.03 5.54-26.92 14.7l-288 448a32.001 32.001 0 0 0-1.17 32.64A32.004 32.004 0 0 0 32 512h576c11.71 0 22.48-6.39 28.09-16.67a31.983 31.983 0 0 0-1.17-32.63zM320 91.18L405.39 224H320l-64 64-38.06-38.06L320 91.18z\"><\/path><\/svg>                <\/div>\n                                                    <div class=\"addres_box\"> \n                                            <p class=\"color-dark text-16 mb_15\"><\/p>\n                                    <\/div>\n                                        <div class=\"addres_box\"> \n                                            <p class=\"mb_15\"><a href=\"tel:0948992008\" class=\"color-dark text-16 d-block\"> +421 948 992 008<\/a><\/p>\n                                    <\/div>\n                                        <div class=\"addres_box\"> \n                                        <p class=\"mb_15\"><a href=\"mailto:info@ekotaxitatry.sk\" class=\"color-dark text-16 d-block\">info@ekotaxitatry.sk<\/a><\/p>\n                                    <\/div>\n                    <\/div>\n        \t\t\t\t<\/div>\n\t\t\t\t<\/div>\n\t\t\t\t<div class=\"elementor-element elementor-element-a6eb053 elementor-widget elementor-widget-luxride-icon-box-widget-v1\" data-id=\"a6eb053\" data-element_type=\"widget\" data-widget_type=\"luxride-icon-box-widget-v1.default\">\n\t\t\t\t<div class=\"elementor-widget-container\">\n\t\t\t\t\t                                     <div class=\"icon_box-download trans version_dark\">\n                          <div class=\"inner-download d_flex align-items-center\">\n                 \n                                <div class=\"icon_box\">\n                    \n                                         \n                            <span class=\"fi-rs-file\"><\/span>\n                      \n                    \n                                    <\/div>\n             \n           \n                <div class=\"info-download\"> \n                                    <span class=\"text-14 mb_5 color-dark\">Billing Details<\/span>\n                                                                <div class=\"font-18 color-dark mb_0\">EURAZ s.r.o.<\/div>\n                                    <\/div>\n              <\/div>\n                                  <p class=\"text-16 color-dark mt_20 mb_0\">Company ID: 50557858<br>\nTax ID: 2120391207<br>\nVAT ID: SK2120391207<\/p>\n                                            <\/div>\n                            \t\t\t\t<\/div>\n\t\t\t\t<\/div>\n\t\t\t\t<\/div>\n\t\t\t\t<div class=\"elementor-element elementor-element-c835c2d elementor-widget elementor-widget-luxride-social-media-v1\" data-id=\"c835c2d\" data-element_type=\"widget\" data-widget_type=\"luxride-social-media-v1.default\">\n\t\t\t\t<div class=\"elementor-widget-container\">\n\t\t\t\t\t<div class=\"social-icons trans\">\n    <ul>\n                                                    <li class=\"trans\">\n                                            <small class=\"trans\">WhatsApp<\/small>\n                                        <a href=\"https:\/\/wa.me\/421948992008\" class=\"m_icon trans\"  target=&quot;_blank&quot;  rel=&quot;nofollow&quot;>\n                         \n                                                                                    <svg aria-hidden=\"false\" class=\"e-font-icon-svg e-fab-whatsapp\" viewBox=\"0 0 448 512\" xmlns=\"http:\/\/www.w3.org\/2000\/svg\"><path d=\"M380.9 97.1C339 55.1 283.2 32 223.9 32c-122.4 0-222 99.6-222 222 0 39.1 10.2 77.3 29.6 111L0 480l117.7-30.9c32.4 17.7 68.9 27 106.1 27h.1c122.3 0 224.1-99.6 224.1-222 0-59.3-25.2-115-67.1-157zm-157 341.6c-33.2 0-65.7-8.9-94-25.7l-6.7-4-69.8 18.3L72 359.2l-4.4-7c-18.5-29.4-28.2-63.3-28.2-98.2 0-101.7 82.8-184.5 184.6-184.5 49.3 0 95.6 19.2 130.4 54.1 34.8 34.9 56.2 81.2 56.1 130.5 0 101.8-84.9 184.6-186.6 184.6zm101.2-138.2c-5.5-2.8-32.8-16.2-37.9-18-5.1-1.9-8.8-2.8-12.5 2.8-3.7 5.6-14.3 18-17.6 21.8-3.2 3.7-6.5 4.2-12 1.4-32.6-16.3-54-29.1-75.5-66-5.7-9.8 5.7-9.1 16.3-30.3 1.8-3.7.9-6.9-.5-9.7-1.4-2.8-12.5-30.1-17.1-41.2-4.5-10.8-9.1-9.3-12.5-9.5-3.2-.2-6.9-.2-10.6-.2-3.7 0-9.7 1.4-14.8 6.9-5.1 5.6-19.4 19-19.4 46.3 0 27.3 19.9 53.7 22.6 57.4 2.8 3.7 39.1 59.7 94.8 83.8 35.2 15.2 49 16.5 66.6 13.9 10.7-1.6 32.8-13.4 37.4-26.4 4.6-13 4.6-24.1 3.2-26.4-1.3-2.5-5-3.9-10.5-6.6z\"><\/path><\/svg>                                                                        <\/a>\n                <\/li>\n                                            <li class=\"trans\">\n                                            <small class=\"trans\">Instagram<\/small>\n                                        <a href=\"#\" class=\"m_icon trans\"  target=&quot;_blank&quot;  rel=&quot;nofollow&quot;>\n                         \n                                                                                    <svg aria-hidden=\"false\" class=\"e-font-icon-svg e-fab-instagram\" viewBox=\"0 0 448 512\" xmlns=\"http:\/\/www.w3.org\/2000\/svg\"><path d=\"M224.1 141c-63.6 0-114.9 51.3-114.9 114.9s51.3 114.9 114.9 114.9S339 319.5 339 255.9 287.7 141 224.1 141zm0 189.6c-41.1 0-74.7-33.5-74.7-74.7s33.5-74.7 74.7-74.7 74.7 33.5 74.7 74.7-33.6 74.7-74.7 74.7zm146.4-194.3c0 14.9-12 26.8-26.8 26.8-14.9 0-26.8-12-26.8-26.8s12-26.8 26.8-26.8 26.8 12 26.8 26.8zm76.1 27.2c-1.7-35.9-9.9-67.7-36.2-93.9-26.2-26.2-58-34.4-93.9-36.2-37-2.1-147.9-2.1-184.9 0-35.8 1.7-67.6 9.9-93.9 36.1s-34.4 58-36.2 93.9c-2.1 37-2.1 147.9 0 184.9 1.7 35.9 9.9 67.7 36.2 93.9s58 34.4 93.9 36.2c37 2.1 147.9 2.1 184.9 0 35.9-1.7 67.7-9.9 93.9-36.2 26.2-26.2 34.4-58 36.2-93.9 2.1-37 2.1-147.8 0-184.8zM398.8 388c-7.8 19.6-22.9 34.7-42.6 42.6-29.5 11.7-99.5 9-132.1 9s-102.7 2.6-132.1-9c-19.6-7.8-34.7-22.9-42.6-42.6-11.7-29.5-9-99.5-9-132.1s-2.6-102.7 9-132.1c7.8-19.6 22.9-34.7 42.6-42.6 29.5-11.7 99.5-9 132.1-9s102.7-2.6 132.1 9c19.6 7.8 34.7 22.9 42.6 42.6 11.7 29.5 9 99.5 9 132.1s2.7 102.7-9 132.1z\"><\/path><\/svg>                                                                        <\/a>\n                <\/li>\n                                            <li class=\"trans\">\n                                            <small class=\"trans\">Facebook<\/small>\n                                        <a href=\"#\" class=\"m_icon trans\"  target=&quot;_blank&quot;  rel=&quot;nofollow&quot;>\n                         \n                                                                                    <svg aria-hidden=\"false\" class=\"e-font-icon-svg e-fab-facebook-f\" viewBox=\"0 0 320 512\" xmlns=\"http:\/\/www.w3.org\/2000\/svg\"><path d=\"M279.14 288l14.22-92.66h-88.91v-60.13c0-25.35 12.42-50.06 52.24-50.06h40.42V6.26S260.43 0 225.36 0c-73.22 0-121.08 44.38-121.08 124.72v70.62H22.89V288h81.39v224h100.17V288z\"><\/path><\/svg>                                                                        <\/a>\n                <\/li>\n                        <\/ul>\n<\/div>\n\n\t\t\t\t<\/div>\n\t\t\t\t<\/div>\n\t\t\t\t<\/div>\n\t\t<div class=\"elementor-element elementor-element-e26e88e e-con-full e-flex e-con e-child\" data-id=\"e26e88e\" data-element_type=\"container\">\n\t\t\t\t<div class=\"elementor-element elementor-element-0ad12c1 elementor-widget elementor-widget-luxride-contact-form-v1\" data-id=\"0ad12c1\" data-element_type=\"widget\" data-widget_type=\"luxride-contact-form-v1.default\">\n\t\t\t\t<div class=\"elementor-widget-container\">\n\t\t\t\t\t<section class=\"contact_form_box_all style_one one_column\">\n<div class=\"wpcf7 no-js\" id=\"wpcf7-f8717-o1\" lang=\"en-US\" dir=\"ltr\" data-wpcf7-id=\"8717\">\n<div class=\"screen-reader-response\"><p role=\"status\" aria-live=\"polite\" aria-atomic=\"true\"><\/p> <ul><\/ul><\/div>\n<form action=\"\/en\/wp-json\/wp\/v2\/pages\/8724#wpcf7-f8717-o1\" method=\"post\" class=\"wpcf7-form init\" aria-label=\"Contact form\" novalidate=\"novalidate\" data-status=\"init\">\n<fieldset class=\"hidden-fields-container\"><input type=\"hidden\" name=\"_wpcf7\" value=\"8717\" \/><input type=\"hidden\" name=\"_wpcf7_version\" value=\"6.1.3\" \/><input type=\"hidden\" name=\"_wpcf7_locale\" value=\"en_US\" \/><input type=\"hidden\" name=\"_wpcf7_unit_tag\" value=\"wpcf7-f8717-o1\" \/><input type=\"hidden\" name=\"_wpcf7_container_post\" value=\"0\" \/><input type=\"hidden\" name=\"_wpcf7_posted_data_hash\" value=\"\" \/>\n<\/fieldset>\n<div class=\"row\">\n\t<div class=\"col-lg-6 col-md-6 col-sm-12\">\n\t\t<p><label> Your name<br \/>\n<span class=\"wpcf7-form-control-wrap\" data-name=\"your-name\"><input size=\"40\" maxlength=\"400\" class=\"wpcf7-form-control wpcf7-text wpcf7-validates-as-required\" autocomplete=\"name\" aria-required=\"true\" aria-invalid=\"false\" value=\"\" type=\"text\" name=\"your-name\" \/><\/span> <\/label>\n\t\t<\/p>\n\t<\/div>\n\t<div class=\"col-lg-6 col-md-6 col-sm-12\">\n\t\t<p><label> Your email<br \/>\n<span class=\"wpcf7-form-control-wrap\" data-name=\"your-email\"><input size=\"40\" maxlength=\"400\" class=\"wpcf7-form-control wpcf7-email wpcf7-validates-as-required wpcf7-text wpcf7-validates-as-email\" autocomplete=\"email\" aria-required=\"true\" aria-invalid=\"false\" value=\"\" type=\"email\" name=\"your-email\" \/><\/span> <\/label>\n\t\t<\/p>\n\t<\/div>\n\t<div class=\"col-lg-12 col-sm-12\">\n\t\t<p><label> Subject<br \/>\n<span class=\"wpcf7-form-control-wrap\" data-name=\"your-subject\"><input size=\"40\" maxlength=\"400\" class=\"wpcf7-form-control wpcf7-text wpcf7-validates-as-required\" aria-required=\"true\" aria-invalid=\"false\" value=\"\" type=\"text\" name=\"your-subject\" \/><\/span> <\/label>\n\t\t<\/p>\n\t<\/div>\n\t<div class=\"col-lg-12 col-sm-12\">\n\t\t<p><label> Your message (optional)<br \/>\n<span class=\"wpcf7-form-control-wrap\" data-name=\"your-message\"><textarea cols=\"100\" rows=\"5\" maxlength=\"2000\" class=\"wpcf7-form-control wpcf7-textarea\" aria-invalid=\"false\" name=\"your-message\"><\/textarea><\/span> <\/label>\n\t\t<\/p>\n\t<\/div>\n\t<div class=\"col-lg-12 col-sm-12\">\n\t\t<p><input class=\"wpcf7-form-control wpcf7-submit has-spinner\" type=\"submit\" value=\"Send\" \/>\n\t\t<\/p>\n\t<\/div>\n<\/div><div class=\"wpcf7-response-output\" aria-hidden=\"true\"><\/div>\n<\/form>\n<\/div>\n<\/section>\t\t\t\t<\/div>\n\t\t\t\t<\/div>\n\t\t\t\t<\/div>\n\t\t\t\t\t<\/div>\n\t\t\t\t<\/div>\n\t\t<div class=\"elementor-element elementor-element-72a3ac6 e-con-full e-flex e-con e-parent\" data-id=\"72a3ac6\" data-element_type=\"container\">\n\t\t\t\t<div class=\"elementor-element elementor-element-d94c409 elementor-widget elementor-widget-google_maps\" data-id=\"d94c409\" data-element_type=\"widget\" data-widget_type=\"google_maps.default\">\n\t\t\t\t\t\t\t<div class=\"elementor-custom-embed\">\n\t\t\t<iframe loading=\"lazy\"\n\t\t\t\t\tsrc=\"https:\/\/maps.google.com\/maps?q=Vysok%C3%A9%20Tatry&#038;t=m&#038;z=12&#038;output=embed&#038;iwloc=near\"\n\t\t\t\t\ttitle=\"Vysok\u00e9 Tatry\"\n\t\t\t\t\taria-label=\"Vysok\u00e9 Tatry\"\n\t\t\t><\/iframe>\n\t\t<\/div>\n\t\t\t\t\t\t<\/div>\n\t\t\t\t<\/div>\n\t\t\t\t<\/div>\n\t\t","protected":false},"excerpt":{"rendered":"<p>Contact us +421 948 992 008 info@ekotaxitatry.sk Billing Details EURAZ s.r.o. Company ID: 50557858 Tax ID: 2120391207 VAT ID: SK2120391207 WhatsApp Instagram Facebook Va\u0161e meno V\u00e1\u0161 e-mail Predmet Va\u0161a spr\u00e1va (volite\u013en\u00e9)<\/p>\n","protected":false},"author":2,"featured_media":0,"parent":0,"menu_order":0,"comment_status":"closed","ping_status":"closed","template":"template-fullwidth.php","meta":{"footnotes":""},"class_list":["post-8724","page","type-page","status-publish","hentry"],"_links":{"self":[{"href":"https:\/\/ekotaxitatry.digitaldreamers.sk\/en\/wp-json\/wp\/v2\/pages\/8724","targetHints":{"allow":["GET"]}}],"collection":[{"href":"https:\/\/ekotaxitatry.digitaldreamers.sk\/en\/wp-json\/wp\/v2\/pages"}],"about":[{"href":"https:\/\/ekotaxitatry.digitaldreamers.sk\/en\/wp-json\/wp\/v2\/types\/page"}],"author":[{"embeddable":true,"href":"https:\/\/ekotaxitatry.digitaldreamers.sk\/en\/wp-json\/wp\/v2\/users\/2"}],"replies":[{"embeddable":true,"href":"https:\/\/ekotaxitatry.digitaldreamers.sk\/en\/wp-json\/wp\/v2\/comments?post=8724"}],"version-history":[{"count":4,"href":"https:\/\/ekotaxitatry.digitaldreamers.sk\/en\/wp-json\/wp\/v2\/pages\/8724\/revisions"}],"predecessor-version":[{"id":8849,"href":"https:\/\/ekotaxitatry.digitaldreamers.sk\/en\/wp-json\/wp\/v2\/pages\/8724\/revisions\/8849"}],"wp:attachment":[{"href":"https:\/\/ekotaxitatry.digitaldreamers.sk\/en\/wp-json\/wp\/v2\/media?parent=8724"}],"curies":[{"name":"wp","href":"https:\/\/api.w.org\/{rel}","templated":true}]}}