{"id":8735,"date":"2024-04-19T07:04:56","date_gmt":"2024-04-19T05:04:56","guid":{"rendered":"https:\/\/ekotaxitatry.digitaldreamers.sk\/blog\/"},"modified":"2025-11-24T12:41:12","modified_gmt":"2025-11-24T11:41:12","slug":"blog","status":"publish","type":"page","link":"https:\/\/ekotaxitatry.digitaldreamers.sk\/en\/blog\/","title":{"rendered":"Blog"},"content":{"rendered":"\t\t<div data-elementor-type=\"wp-page\" data-elementor-id=\"8735\" class=\"elementor elementor-8735 elementor-214\">\n\t\t\t\t<div class=\"elementor-element elementor-element-ab05121 e-flex e-con-boxed e-con e-parent\" data-id=\"ab05121\" data-element_type=\"container\">\n\t\t\t\t\t<div class=\"e-con-inner\">\n\t\t\t\t<div class=\"elementor-element elementor-element-eaa7b11 elementor-widget elementor-widget-luxride-blog-grid-v1\" data-id=\"eaa7b11\" data-element_type=\"widget\" data-widget_type=\"luxride-blog-grid-v1.default\">\n\t\t\t\t<div class=\"elementor-widget-container\">\n\t\t\t\t\t \n    <div class=\"grid_view  ajax_posts_enabled  version_dark\">\n    <div class=\"row  ajax_container \">\n                                                     \n                        <article class=\"col-xl-4 col-lg-4 col-md-6 col-sm-6 ajax-wrapper\"> \n                            <div class=\"cardNews one d_flex  has_images \">\n                                     \n                                        <a href=\"https:\/\/ekotaxitatry.digitaldreamers.sk\/en\/taxi-poprad-high-tatras-fast-and-comfortable-transport-across-the-whole-tatra-region\/\" class=\"image-box img_obj_fit_center trans\">\n                                        <img fetchpriority=\"high\" decoding=\"async\" width=\"600\" height=\"400\" src=\"https:\/\/ekotaxitatry.digitaldreamers.sk\/wp-content\/uploads\/2025\/11\/teslatatry2.png\" class=\"trans wp-post-image\" alt=\"\" srcset=\"https:\/\/ekotaxitatry.digitaldreamers.sk\/wp-content\/uploads\/2025\/11\/teslatatry2.png 1536w, https:\/\/ekotaxitatry.digitaldreamers.sk\/wp-content\/uploads\/2025\/11\/teslatatry2-300x200.png 300w, https:\/\/ekotaxitatry.digitaldreamers.sk\/wp-content\/uploads\/2025\/11\/teslatatry2-1024x683.png 1024w, https:\/\/ekotaxitatry.digitaldreamers.sk\/wp-content\/uploads\/2025\/11\/teslatatry2-768x512.png 768w, https:\/\/ekotaxitatry.digitaldreamers.sk\/wp-content\/uploads\/2025\/11\/teslatatry2-600x400.png 600w\" sizes=\"(max-width: 600px) 100vw, 600px\" \/>                                                                                            <time class=\"date_differnet published\" datetime=\"2024-04-18T17:07:15+02:00\"><span class=\"big\">18<\/span> <span class=\"font-xs\">April, 2024<\/span><\/time>                                             \n                                        <\/a> \n                                                                    <div class=\"cardInfo\">  \n                                                                            <div class=\"d-flex meta\">\n                                                                                            <a href=\"https:\/\/ekotaxitatry.digitaldreamers.sk\/category\/cestovanie-a-turizmus\/\" class=\"category_btn\">Cestovanie a turizmus<\/a> \n                                             \n                                         \n                                        <\/div> \n                                     \n                                    <a href=\"https:\/\/ekotaxitatry.digitaldreamers.sk\/en\/taxi-poprad-high-tatras-fast-and-comfortable-transport-across-the-whole-tatra-region\/\" rel=\"bookmark\" class=\"font-20 mb_0 trim-2\">Taxi Poprad \u2013 High Tatras: Fast and comfortable transport across the whole Tatra region<\/a>\n                                                                            <p class=\"des_cription mt_10 mb_0\">Forget the stress, parking hassles, or delayed connections \u2013 sit back, relax, and enjoy the&hellip;<\/p>\n                                                                           \n                                    <a class=\"btn-arrow-up mt_20\" href=\"https:\/\/ekotaxitatry.digitaldreamers.sk\/en\/taxi-poprad-high-tatras-fast-and-comfortable-transport-across-the-whole-tatra-region\/\">\n                                        <svg class=\"icon-16\" fill=\"none\" stroke=\"currentColor\" stroke-width=\"1.5\" viewBox=\"0 0 24 24\" xmlns=\"http:\/\/www.w3.org\/2000\/svg\" aria-hidden=\"true\">\n                                        <path stroke-linecap=\"round\" stroke-linejoin=\"round\" d=\"M4.5 19.5l15-15m0 0H8.25m11.25 0v11.25\"><\/path>\n                                        <\/svg>\n                                    <\/a> \n                            <\/div>     \n                        <\/div>\n                        <\/article> \n                                                                                          \n                 \n    <\/div>\n            <div class=\"row\">\n            <div class=\"col-lg-12\">\n                <div class=\"pagination_blog pagination-area  yes_jax_pagi\"> \n                              \n                <\/div>\n            <\/div>     \n        <\/div> \n      \n    <\/div>\n\t\t\t\t<\/div>\n\t\t\t\t<\/div>\n\t\t\t\t\t<\/div>\n\t\t\t\t<\/div>\n\t\t\t\t<\/div>\n\t\t","protected":false},"excerpt":{"rendered":"<p>18 apr\u00edl, 2024 Cestovanie a turizmus \u201eTaxi Poprad \u2013 Vysok\u00e9 Tatry: R\u00fdchla a pohodln\u00e1 doprava po cel\u00fdch Tatr\u00e1ch Zabudnite na stres, parkovanie \u010di me\u0161kaj\u00face spoje \u2013 sadnite si, odd\u00fdchnite a nechajte sa odviez\u0165&hellip;<\/p>\n","protected":false},"author":2,"featured_media":0,"parent":0,"menu_order":0,"comment_status":"closed","ping_status":"closed","template":"template-fullwidth.php","meta":{"footnotes":""},"class_list":["post-8735","page","type-page","status-publish","hentry"],"_links":{"self":[{"href":"https:\/\/ekotaxitatry.digitaldreamers.sk\/en\/wp-json\/wp\/v2\/pages\/8735","targetHints":{"allow":["GET"]}}],"collection":[{"href":"https:\/\/ekotaxitatry.digitaldreamers.sk\/en\/wp-json\/wp\/v2\/pages"}],"about":[{"href":"https:\/\/ekotaxitatry.digitaldreamers.sk\/en\/wp-json\/wp\/v2\/types\/page"}],"author":[{"embeddable":true,"href":"https:\/\/ekotaxitatry.digitaldreamers.sk\/en\/wp-json\/wp\/v2\/users\/2"}],"replies":[{"embeddable":true,"href":"https:\/\/ekotaxitatry.digitaldreamers.sk\/en\/wp-json\/wp\/v2\/comments?post=8735"}],"version-history":[{"count":1,"href":"https:\/\/ekotaxitatry.digitaldreamers.sk\/en\/wp-json\/wp\/v2\/pages\/8735\/revisions"}],"predecessor-version":[{"id":8736,"href":"https:\/\/ekotaxitatry.digitaldreamers.sk\/en\/wp-json\/wp\/v2\/pages\/8735\/revisions\/8736"}],"wp:attachment":[{"href":"https:\/\/ekotaxitatry.digitaldreamers.sk\/en\/wp-json\/wp\/v2\/media?parent=8735"}],"curies":[{"name":"wp","href":"https:\/\/api.w.org\/{rel}","templated":true}]}}